{"id":32,"date":"2023-01-17T22:40:00","date_gmt":"2023-01-18T01:40:00","guid":{"rendered":"https:\/\/mixtoptv.com.br\/?page_id=32"},"modified":"2023-01-21T12:51:14","modified_gmt":"2023-01-21T15:51:14","slug":"suporte-tecnico","status":"publish","type":"page","link":"https:\/\/mixtoptv.com.br\/?page_id=32","title":{"rendered":"Suporte T\u00e9cnico"},"content":{"rendered":"\n<p>Equipe pronta para lhe atender. Suporte t\u00e9cnico via WhatsApp a qualquer momento. Fornecemos suporte para voc\u00ea utilizar nossos servi\u00e7os no seu aparelho Tvbox, Celular Android, Smart tv ou Computador usando um Webplayer.<\/p>\n","protected":false},"excerpt":{"rendered":"<p>Equipe pronta para lhe atender. Suporte t\u00e9cnico via WhatsApp a qualquer momento. Fornecemos suporte para voc\u00ea utilizar nossos servi\u00e7os no seu aparelho Tvbox, Celular Android, Smart tv ou Computador usando um Webplayer.<\/p>\n","protected":false},"author":1,"featured_media":0,"parent":26,"menu_order":2,"comment_status":"closed","ping_status":"closed","template":"","meta":{"footnotes":""},"class_list":["post-32","page","type-page","status-publish","hentry"],"_links":{"self":[{"href":"https:\/\/mixtoptv.com.br\/index.php?rest_route=\/wp\/v2\/pages\/32","targetHints":{"allow":["GET"]}}],"collection":[{"href":"https:\/\/mixtoptv.com.br\/index.php?rest_route=\/wp\/v2\/pages"}],"about":[{"href":"https:\/\/mixtoptv.com.br\/index.php?rest_route=\/wp\/v2\/types\/page"}],"author":[{"embeddable":true,"href":"https:\/\/mixtoptv.com.br\/index.php?rest_route=\/wp\/v2\/users\/1"}],"replies":[{"embeddable":true,"href":"https:\/\/mixtoptv.com.br\/index.php?rest_route=%2Fwp%2Fv2%2Fcomments&post=32"}],"version-history":[{"count":2,"href":"https:\/\/mixtoptv.com.br\/index.php?rest_route=\/wp\/v2\/pages\/32\/revisions"}],"predecessor-version":[{"id":89,"href":"https:\/\/mixtoptv.com.br\/index.php?rest_route=\/wp\/v2\/pages\/32\/revisions\/89"}],"up":[{"embeddable":true,"href":"https:\/\/mixtoptv.com.br\/index.php?rest_route=\/wp\/v2\/pages\/26"}],"wp:attachment":[{"href":"https:\/\/mixtoptv.com.br\/index.php?rest_route=%2Fwp%2Fv2%2Fmedia&parent=32"}],"curies":[{"name":"wp","href":"https:\/\/api.w.org\/{rel}","templated":true}]}}