{"id":28,"date":"2023-01-18T22:17:30","date_gmt":"2023-01-19T01:17:28","guid":{"rendered":"https:\/\/mixtoptv.com.br\/?page_id=28"},"modified":"2023-01-21T12:35:09","modified_gmt":"2023-01-21T15:35:09","slug":"trabalhamos-com-iptv","status":"publish","type":"page","link":"https:\/\/mixtoptv.com.br\/?page_id=28","title":{"rendered":"Trabalhamos com IPTV"},"content":{"rendered":"\n<p>IPTV, que significa Internet Protocol Television, transmite programas de TV pela internet. Este servi\u00e7o utiliza IP, que \u00e9 o Internet Protocol, para transmitir sinais de televis\u00e3o. Existem v\u00e1rias listas de endere\u00e7os IPTV, que incluem canais pagos e gratuitos.<\/p>\n","protected":false},"excerpt":{"rendered":"<p>IPTV, que significa Internet Protocol Television, transmite programas de TV pela internet. Este servi\u00e7o utiliza IP, que \u00e9 o Internet Protocol, para transmitir sinais de televis\u00e3o. Existem v\u00e1rias listas de endere\u00e7os IPTV, que incluem canais pagos e gratuitos.<\/p>\n","protected":false},"author":1,"featured_media":0,"parent":26,"menu_order":5,"comment_status":"closed","ping_status":"closed","template":"","meta":{"footnotes":""},"class_list":["post-28","page","type-page","status-publish","hentry"],"_links":{"self":[{"href":"https:\/\/mixtoptv.com.br\/index.php?rest_route=\/wp\/v2\/pages\/28","targetHints":{"allow":["GET"]}}],"collection":[{"href":"https:\/\/mixtoptv.com.br\/index.php?rest_route=\/wp\/v2\/pages"}],"about":[{"href":"https:\/\/mixtoptv.com.br\/index.php?rest_route=\/wp\/v2\/types\/page"}],"author":[{"embeddable":true,"href":"https:\/\/mixtoptv.com.br\/index.php?rest_route=\/wp\/v2\/users\/1"}],"replies":[{"embeddable":true,"href":"https:\/\/mixtoptv.com.br\/index.php?rest_route=%2Fwp%2Fv2%2Fcomments&post=28"}],"version-history":[{"count":1,"href":"https:\/\/mixtoptv.com.br\/index.php?rest_route=\/wp\/v2\/pages\/28\/revisions"}],"predecessor-version":[{"id":29,"href":"https:\/\/mixtoptv.com.br\/index.php?rest_route=\/wp\/v2\/pages\/28\/revisions\/29"}],"up":[{"embeddable":true,"href":"https:\/\/mixtoptv.com.br\/index.php?rest_route=\/wp\/v2\/pages\/26"}],"wp:attachment":[{"href":"https:\/\/mixtoptv.com.br\/index.php?rest_route=%2Fwp%2Fv2%2Fmedia&parent=28"}],"curies":[{"name":"wp","href":"https:\/\/api.w.org\/{rel}","templated":true}]}}