{"id":114,"date":"2023-01-21T16:15:21","date_gmt":"2023-01-21T19:15:21","guid":{"rendered":"https:\/\/mixtoptv.com.br\/?page_id=114"},"modified":"2023-01-21T16:29:13","modified_gmt":"2023-01-21T19:29:13","slug":"series","status":"publish","type":"page","link":"https:\/\/mixtoptv.com.br\/?page_id=114","title":{"rendered":"S\u00e9ries"},"content":{"rendered":"\n<p>Melhores S\u00e9ries de TV de todas as d\u00e9cadas. As s\u00e9ries de TV j\u00e1 fazem parte da vida de uma boa parcela da popula\u00e7\u00e3o e um caminh\u00e3o de novas produ\u00e7\u00f5es chega \u00e0s telas todos os anos para suprir essa demanda. <\/p>\n","protected":false},"excerpt":{"rendered":"<p>Melhores S\u00e9ries de TV de todas as d\u00e9cadas. As s\u00e9ries de TV j\u00e1 fazem parte da vida de uma boa parcela da popula\u00e7\u00e3o e um caminh\u00e3o de novas produ\u00e7\u00f5es chega \u00e0s telas todos os anos para suprir essa demanda.<\/p>\n","protected":false},"author":1,"featured_media":0,"parent":41,"menu_order":0,"comment_status":"closed","ping_status":"closed","template":"","meta":{"footnotes":""},"class_list":["post-114","page","type-page","status-publish","hentry"],"_links":{"self":[{"href":"https:\/\/mixtoptv.com.br\/index.php?rest_route=\/wp\/v2\/pages\/114","targetHints":{"allow":["GET"]}}],"collection":[{"href":"https:\/\/mixtoptv.com.br\/index.php?rest_route=\/wp\/v2\/pages"}],"about":[{"href":"https:\/\/mixtoptv.com.br\/index.php?rest_route=\/wp\/v2\/types\/page"}],"author":[{"embeddable":true,"href":"https:\/\/mixtoptv.com.br\/index.php?rest_route=\/wp\/v2\/users\/1"}],"replies":[{"embeddable":true,"href":"https:\/\/mixtoptv.com.br\/index.php?rest_route=%2Fwp%2Fv2%2Fcomments&post=114"}],"version-history":[{"count":2,"href":"https:\/\/mixtoptv.com.br\/index.php?rest_route=\/wp\/v2\/pages\/114\/revisions"}],"predecessor-version":[{"id":121,"href":"https:\/\/mixtoptv.com.br\/index.php?rest_route=\/wp\/v2\/pages\/114\/revisions\/121"}],"up":[{"embeddable":true,"href":"https:\/\/mixtoptv.com.br\/index.php?rest_route=\/wp\/v2\/pages\/41"}],"wp:attachment":[{"href":"https:\/\/mixtoptv.com.br\/index.php?rest_route=%2Fwp%2Fv2%2Fmedia&parent=114"}],"curies":[{"name":"wp","href":"https:\/\/api.w.org\/{rel}","templated":true}]}}